{"id":6330,"date":"2022-02-27T15:59:25","date_gmt":"2022-02-27T15:59:25","guid":{"rendered":"https:\/\/putter-hack.com\/datenschutzbestimmungen\/"},"modified":"2024-02-20T12:50:35","modified_gmt":"2024-02-20T12:50:35","slug":"datenschutzbestimmungen","status":"publish","type":"page","link":"https:\/\/putter-hack.com\/de\/datenschutzbestimmungen\/","title":{"rendered":"Datenschutzbestimmungen"},"content":{"rendered":"\n<p><strong>Einf\u00fchrung<\/strong><\/p>\n\n<p>Dogal Digital SL, als Eigent\u00fcmer der Website <a href=\"https:\/\/putter-hack.com\/de\/\">https:\/\/putter-hack.com,<\/a> informiert Sie in Anwendung der geltenden Gesetzgebung zum Schutz personenbezogener Daten, dass die \u00fcber die Formulare dieser Website gesammelten personenbezogenen Daten in automatisierte Dateien aufgenommen werden.<\/p>\n\n<p>Die Erhebung und automatisierte Verarbeitung personenbezogener Daten dient der Pflege der Gesch\u00e4ftsbeziehung und der Erf\u00fcllung von Informations-, Schulungs-, Beratungs- und sonstigen T\u00e4tigkeiten von <a href=\"https:\/\/putter-hack.com\/de\/\">putter-hack.com<\/a>.<\/p>\n\n<p><strong>Die Schlagzeile<\/strong>  die erforderlichen Ma\u00dfnahmen ergreift, um die Sicherheit, Integrit\u00e4t und Vertraulichkeit der Daten im Einklang mit den Bestimmungen der Verordnung (EU) 2016\/679 des Europ\u00e4ischen Parlaments und des Rates vom 27. April 2016 zum Schutz nat\u00fcrlicher Personen bei der Verarbeitung personenbezogener Daten und zum freien Datenverkehr sowie mit dem Organgesetz 3\/2018 vom 5. Dezember \u00fcber den Datenschutz und die Gew\u00e4hrleistung der digitalen Rechte (LOPDGDD) zu gew\u00e4hrleisten.<\/p>\n\n<p><strong>Der Nutzer<\/strong> erkl\u00e4rt, dass alle von ihm angegebenen Daten wahrheitsgetreu und richtig sind, und verpflichtet sich, sie auf dem neuesten Stand zu halten und dem <strong>Eigent\u00fcmer<\/strong> alle \u00c4nderungen mitzuteilen.<\/p>\n\n<p><strong>Der Nutzer<\/strong> kann jederzeit sein Recht auf Zugang, Widerspruch, Berichtigung, L\u00f6schung, Einschr\u00e4nkung und \u00dcbertragbarkeit aus\u00fcben, indem er sich an den Eigent\u00fcmer wendet, entweder per E-Mail an <a href=\"mailto:dogaldigital@gmail.com\">dogaldigital@gmail.com<\/a> oder per Brief an R\u00faa Enrique Mari\u00f1as Romero, 8 &#8211; 5\u00baB, 15009 A Coru\u00f1a. In den folgenden Abschnitten beantworten wir einige der Zweifel, die die Nutzer hinsichtlich der Verarbeitung ihrer Daten haben k\u00f6nnten, und wir legen die Verpflichtungen fest, die <strong>der Eigent\u00fcmer<\/strong> eingeht, um sie angemessen zu sch\u00fctzen.<\/p>\n\n<p><strong>Welche personenbezogenen Daten werden erhoben?<\/strong><\/p>\n\n<p>Auf der Website <a href=\"https:\/\/putter-hack.com\/de\/\">https:\/\/putter-hack.com<\/a> werden die folgenden Daten gesammelt, die personenbezogen sein k\u00f6nnen:<\/p>\n\n<ul class=\"wp-block-list\">\n<li>Formulare im B\u00fcro:\n<ul class=\"wp-block-list\">\n<li>Name<\/li>\n\n\n\n<li>E-Mail Adresse<\/li>\n<\/ul>\n<\/li>\n\n\n\n<li>Im Anmeldeformular f\u00fcr unseren Newsletter:\n<ul class=\"wp-block-list\">\n<li>E-Mail Adresse<\/li>\n<\/ul>\n<\/li>\n<\/ul>\n\n<p>Wenn der <strong>Nutzer<\/strong> eine E-Mail mit der Bitte um Informationen sendet, wird die E-Mail-Adresse des Nutzers erfasst.<\/p>\n\n<p><\/p>\n\n<p><strong>Wie werden personenbezogene Daten erhoben?<\/strong><\/p>\n\n<p>Diese Website sammelt und speichert nur Daten, die der Nutzer selbst zur Verf\u00fcgung stellt. Diese Daten werden erfasst, wenn der Nutzer:<\/p>\n\n<ul class=\"wp-block-list\">\n<li>F\u00fcllen Sie das Formular im Sekretariat aus.<\/li>\n\n\n\n<li>Registrieren Sie sich, um unseren Newsletter zu erhalten.<\/li>\n<\/ul>\n\n<p><strong>Wie werden personenbezogene Daten verwendet?<\/strong><\/p>\n\n<p>Die personenbezogenen Daten der Nutzer werden f\u00fcr folgende Zwecke verwendet:<\/p>\n\n<ul class=\"wp-block-list\">\n<li>Senden Sie unseren Newsletter per E-Mail.<\/li>\n\n\n\n<li>Akzeptieren und beantworten Sie Fragen aus der Klinik.<\/li>\n<\/ul>\n\n<p>Die pers\u00f6nlichen Daten des Nutzers werden nicht an Dritte weitergegeben, es sei denn, es besteht eine gesetzliche Verpflichtung.<\/p>\n\n<p>Damit diese Website funktioniert und der Nutzer an den Challenges teilnehmen kann, werden die folgenden Anbieter genutzt. Die Nutzerdaten werden auf den Servern des Unternehmens gespeichert.<\/p>\n\n<ul class=\"wp-block-list\">\n<li>www.hostinger.com, Speicherung der Website.<\/li>\n\n\n\n<li>www.gmail.com, E-Mail-Anbieter.<\/li>\n\n\n\n<li>www.sendinblue.com, um den Newsletter zu versenden.<\/li>\n<\/ul>\n\n<p><strong>Wie werden personenbezogene Daten gespeichert?<\/strong><\/p>\n\n<p>Die personenbezogenen Daten der Nutzer werden sicher auf den Servern der im vorstehenden Abschnitt genannten Anbieter gespeichert.<\/p>\n\n<p><strong>Marketing<\/strong><\/p>\n\n<p>Die Benutzer erhalten den bicihack.com-Newsletter nur, wenn sie ihn abonnieren.<\/p>\n\n<p><strong>Welche Rechte haben die Nutzer in Bezug auf ihre pers\u00f6nlichen Daten?<\/strong><\/p>\n\n<p><strong>Der Eigent\u00fcmer von<\/strong> https:\/\/bicihack.com m\u00f6chte sicherstellen, dass sich der Nutzer seines Rechts auf Schutz seiner pers\u00f6nlichen Daten voll bewusst ist. Jeder Nutzer hat das Recht auf Folgendes:<\/p>\n\n<h4 class=\"wp-block-heading\"><strong>Recht auf Zugang<\/strong><\/h4>\n\n<p>Der Nutzer hat das Recht, Auskunft \u00fcber die Daten zu verlangen, die <strong>der f\u00fcr die Datenverarbeitung Verantwortliche<\/strong> \u00fcber ihn gespeichert hat. F\u00fcr diesen Service kann eine geringe Geb\u00fchr erhoben werden.<\/p>\n\n<h4 class=\"wp-block-heading\"><strong>Recht auf Berichtigung<\/strong><\/h4>\n\n<p>Der Nutzer hat das Recht, die Aktualisierung seiner personenbezogenen Daten zu verlangen, wenn diese falsch oder unvollst\u00e4ndig sind.<\/p>\n\n<h4 class=\"wp-block-heading\"><strong>Recht auf Einschr\u00e4nkung der Verarbeitung<\/strong><\/h4>\n\n<p>Der Nutzer hat das Recht, unter bestimmten Bedingungen zu verlangen, dass die Verwendung seiner personenbezogenen Daten durch den <strong>Inhaber<\/strong> eingeschr\u00e4nkt wird.<\/p>\n\n<h4 class=\"wp-block-heading\"><strong>Recht auf Widerspruch<\/strong><\/h4>\n\n<p>Der Nutzer hat das Recht, der Verarbeitung seiner Daten <strong>durch den f\u00fcr die Daten<\/strong> verarbeitung <strong>Verantwortlichen<\/strong> zu widersprechen. In diesem Fall werden die Daten nicht mehr verarbeitet, es sei denn, die Daten m\u00fcssen aus zwingenden legitimen Gr\u00fcnden oder zur Geltendmachung oder Verteidigung etwaiger Anspr\u00fcche weiterhin verarbeitet werden.<\/p>\n\n<h4 class=\"wp-block-heading\"><strong>Recht auf Daten\u00fcbertragbarkeit<\/strong><\/h4>\n\n<p>Der Nutzer hat das Recht zu verlangen, dass seine Daten von einem anderen Unternehmen verarbeitet werden. <strong>Der Inhaber<\/strong> wird die \u00dcbertragbarkeit seiner Daten an den neuen Datenverantwortlichen erleichtern.<\/p>\n\n<h4 class=\"wp-block-heading\"><strong>Recht auf Unterdr\u00fcckung<\/strong><\/h4>\n\n<p>Der Nutzer hat das Recht, von dem <strong>f\u00fcr die Verarbeitung Verantwortlichen<\/strong> die L\u00f6schung aller seiner personenbezogenen Daten zu verlangen, wenn diese f\u00fcr die Verarbeitung nicht mehr erforderlich sind, wenn er seine Einwilligung widerruft, wenn die Verarbeitung rechtswidrig ist oder wenn eine gesetzliche Verpflichtung dazu besteht. <strong>Der Inhaber<\/strong> wird den Antrag pr\u00fcfen und das Gesetz anwenden.<\/p>\n\n<p>Um eines dieser Rechte auszu\u00fcben, sollte der Nutzer den Eigent\u00fcmer entweder per E-Mail an <a href=\"mailto:dogaldigital@gmail.com\">dogaldigital@gmail.com<\/a> oder per Brief an die in der Einleitung angegebene Adresse kontaktieren. <strong>Der Eigent\u00fcmer<\/strong> wird innerhalb einer Frist von h\u00f6chstens einem Monat antworten. Wenn der Nutzer weitere Informationen \u00fcber die ihm gesetzlich zustehenden Rechte oder \u00fcber die Aus\u00fcbung dieser Rechte ben\u00f6tigt, kann er sich an die <a href=\"https:\/\/www.aepd.es\/\" target=\"_blank\" rel=\"noreferrer noopener\">spanische Datenschutzbeh\u00f6rde<\/a> wenden, die als Aufsichtsbeh\u00f6rde im Bereich des Datenschutzes fungiert.<\/p>\n","protected":false},"excerpt":{"rendered":"<p>Einf\u00fchrung Dogal Digital SL, als Eigent\u00fcmer der Website https:\/\/putter-hack.com, informiert Sie in Anwendung der geltenden Gesetzgebung zum Schutz personenbezogener Daten, dass die \u00fcber die Formulare dieser Website gesammelten personenbezogenen Daten in automatisierte Dateien aufgenommen werden. Die Erhebung und automatisierte Verarbeitung personenbezogener Daten dient der Pflege der Gesch\u00e4ftsbeziehung und der Erf\u00fcllung von Informations-, Schulungs-, Beratungs- und [&hellip;]<\/p>\n","protected":false},"author":1,"featured_media":0,"parent":0,"menu_order":0,"comment_status":"closed","ping_status":"open","template":"page-legal.php","meta":{"_acf_changed":false,"footnotes":""},"class_list":["post-6330","page","type-page","status-publish","hentry"],"acf":[],"Campo_personalizado":null,"_links":{"self":[{"href":"https:\/\/putter-hack.com\/de\/wp-json\/wp\/v2\/pages\/6330","targetHints":{"allow":["GET"]}}],"collection":[{"href":"https:\/\/putter-hack.com\/de\/wp-json\/wp\/v2\/pages"}],"about":[{"href":"https:\/\/putter-hack.com\/de\/wp-json\/wp\/v2\/types\/page"}],"author":[{"embeddable":true,"href":"https:\/\/putter-hack.com\/de\/wp-json\/wp\/v2\/users\/1"}],"replies":[{"embeddable":true,"href":"https:\/\/putter-hack.com\/de\/wp-json\/wp\/v2\/comments?post=6330"}],"version-history":[{"count":1,"href":"https:\/\/putter-hack.com\/de\/wp-json\/wp\/v2\/pages\/6330\/revisions"}],"predecessor-version":[{"id":6331,"href":"https:\/\/putter-hack.com\/de\/wp-json\/wp\/v2\/pages\/6330\/revisions\/6331"}],"wp:attachment":[{"href":"https:\/\/putter-hack.com\/de\/wp-json\/wp\/v2\/media?parent=6330"}],"curies":[{"name":"wp","href":"https:\/\/api.w.org\/{rel}","templated":true}]}}