{"id":6338,"date":"2022-07-12T20:52:42","date_gmt":"2022-07-12T20:52:42","guid":{"rendered":"https:\/\/putter-hack.com\/rechtlicher-hinweis\/"},"modified":"2024-02-20T13:14:49","modified_gmt":"2024-02-20T13:14:49","slug":"rechtlicher-hinweis","status":"publish","type":"page","link":"https:\/\/putter-hack.com\/de\/rechtlicher-hinweis\/","title":{"rendered":"Rechtlicher Hinweis"},"content":{"rendered":"\n<p><strong>Daten zur Identifizierung des Diensteanbieters<\/strong><\/p>\n\n<p>In \u00dcbereinstimmung mit dem Gesetz 34\/2002 vom 11. Juli \u00fcber die Dienste der Informationsgesellschaft und den elektronischen Handel (LSSI) informieren wir Sie, dass der Eigent\u00fcmer dieser Website ist:<\/p>\n\n<ul class=\"wp-block-list\">\n<li>DOGAL DIGITAL SL (nachstehend &#8220; <strong>der Eigent\u00fcmer<\/strong>&#8222;)<\/li>\n\n\n\n<li>MEHRWERTSTEUERNUMMER B09860248<\/li>\n\n\n\n<li>Anschrift: R\u00faa Enrique Mari\u00f1as Romero, 8 &#8211; 5\u00baB, 15009 A Coru\u00f1a.<\/li>\n\n\n\n<li>Kontakt-E-Mail f\u00fcr diese Website: <a href=\"mailto:dogaldigital@gmail.com\">dogaldigital@gmail.com<\/a><\/li>\n<\/ul>\n\n<p>Die Dom\u00e4nen bicihack.es und bicihack.com sind Eigentum des <strong>Eigent\u00fcmers<\/strong>.<\/p>\n\n<p>Die Website <a href=\"https:\/\/putter-hack.com\/de\/\">https:\/\/putter-hack.com<\/a> soll der \u00d6ffentlichkeit einen Vergleich von Golfschl\u00e4gern und anderer Golfausr\u00fcstung erm\u00f6glichen.<\/p>\n\n<p><strong>Akzeptanz der Bedingungen<\/strong><\/p>\n\n<p>Durch die Nutzung dieser Website erhalten Sie den Status eines <strong>Nutzers<\/strong>. Indem Sie dies tun, erkl\u00e4ren Sie sich mit allen in diesen rechtlichen Hinweisen dargelegten Bestimmungen und Bedingungen einverstanden. Wenn Sie mit diesen Bedingungen nicht einverstanden sind, sollten Sie von der Nutzung der Website Abstand nehmen.<\/p>\n\n<p>Allen Nutzern wird empfohlen, diese rechtlichen Hinweise sorgf\u00e4ltig zu lesen und regelm\u00e4\u00dfig zu \u00fcberpr\u00fcfen, da die Bestimmungen und Bedingungen jederzeit und ohne Vorank\u00fcndigung ge\u00e4ndert werden k\u00f6nnen.<\/p>\n\n<p><strong>Verpflichtungen der Nutzer<\/strong><\/p>\n\n<p>Die Bedingungen f\u00fcr den Zugang und die Nutzung dieser Website unterliegen der geltenden Gesetzgebung und der rechtm\u00e4\u00dfigen Nutzung durch den <strong>Nutzer<\/strong>. Jede Handlung zum Nachteil des <strong>Inhabers<\/strong> ist verboten.<\/p>\n\n<p>Der <strong>Nutzer<\/strong> verpflichtet sich, diese Website nicht f\u00fcr Aktivit\u00e4ten zu nutzen, die als unzul\u00e4ssig oder illegal angesehen werden k\u00f6nnen, die die Rechte des <strong>Eigent\u00fcmers<\/strong> oder Dritter verletzen oder die Website besch\u00e4digen, unbrauchbar machen, \u00fcberlasten oder verschlechtern oder ihre Nutzung durch andere Nutzer verhindern k\u00f6nnen.<\/p>\n\n<p>Die Nutzung dieser Website f\u00fcr illegale oder unerlaubte Zwecke ist verboten, insbesondere und ohne Einschr\u00e4nkung:<\/p>\n\n<ol class=\"wp-block-list\">\n<li>Jegliche Form der Verletzung von Rechten Dritter (Recht auf Privatsph\u00e4re, Recht am eigenen Bild, Rechte an geistigem und gewerblichem Eigentum, usw.).<\/li>\n\n\n\n<li>Nutzung der Inhalte dieser Website f\u00fcr jegliche Art von Werbung, wie z. B. das Versenden von unerw\u00fcnschten E-Mails (Spam) oder \u00e4hnlichen Mitteilungen.<\/li>\n\n\n\n<li>Computerviren, fehlerhafte Dateien oder andere Software oder Computerprogramme einzuf\u00fchren, die Sch\u00e4den oder unbefugte \u00c4nderungen an den \u00fcber diese Website zug\u00e4nglichen Inhalten oder Systemen verursachen k\u00f6nnen.<\/li>\n<\/ol>\n\n<p><strong>Der Eigent\u00fcmer<\/strong> kann den Zugang zu seiner Website jederzeit unterbrechen, wenn er eine Nutzung feststellt, die gegen das Gesetz, Treu und Glauben oder diese Bedingungen verst\u00f6\u00dft.<\/p>\n\n<p><strong>Geistiges Eigentum, gewerbliches Eigentum und Rahmen<\/strong><\/p>\n\n<p>Alle Elemente, aus denen sich diese Website zusammensetzt (Inhalt, Struktur, Design, Quellcode), sowie die Logos, Marken und andere Erkennungszeichen, die auf ihr erscheinen, sind Eigentum des <strong>Eigent\u00fcmers<\/strong> und durch die entsprechenden geistigen Eigentumsrechte gesch\u00fctzt.<\/p>\n\n<p>Alle Inhalte der Website, einschlie\u00dflich Designs, Texte, Grafiken, Bilder, Videos, Informationen, Anwendungen, Software, Musik, Ton und andere Dateien sowie deren Auswahl und Anordnung, sind das ausschlie\u00dfliche Eigentum des <strong>Eigent\u00fcmers<\/strong>.<\/p>\n\n<p>Kein Teil der Website darf ohne vorherige schriftliche Zustimmung des <strong>Eigent\u00fcmers<\/strong> in irgendeiner Form oder mit irgendwelchen Mitteln ganz oder teilweise ver\u00e4ndert, kopiert, verteilt, gerahmt, reproduziert, wiederver\u00f6ffentlicht, heruntergeladen, extrahiert, angezeigt, ver\u00f6ffentlicht, \u00fcbertragen oder verkauft werden.<\/p>\n\n<p><strong>Der Eigent\u00fcmer<\/strong> erkl\u00e4rt, dass er die Rechte an geistigem und gewerblichem Eigentum Dritter respektiert; wenn Sie also der Meinung sind, dass diese Website deren Rechte verletzt, wenden Sie sich bitte an <strong>den Eigent\u00fcmer<\/strong>.<\/p>\n\n<p><strong>Verantwortung<\/strong><\/p>\n\n<p><strong>Der Eigent\u00fcmer<\/strong> garantiert nicht, dass der Zugang zur Website fehlerfrei ist, dass der Inhalt fehlerfrei ist und dass er auf dem neuesten Stand ist. Es werden Anstrengungen unternommen, um sie zu vermeiden, zu beheben oder zu aktualisieren.<\/p>\n\n<p>Sowohl der Zugang zur Website als auch die Verwendung der darin enthaltenen Informationen liegen in der alleinigen Verantwortung des Nutzers. Der <strong>Nutzer<\/strong> tr\u00e4gt die alleinige Verantwortung f\u00fcr etwaige Verst\u00f6\u00dfe oder Sch\u00e4den, die Dritten durch die missbr\u00e4uchliche oder unrechtm\u00e4\u00dfige Nutzung dieser Website entstehen k\u00f6nnen.<\/p>\n\n<p><strong>Die Schlagzeile<\/strong>  ist nicht verantwortlich f\u00fcr eventuelle Sicherheitsfehler oder f\u00fcr eventuelle Sch\u00e4den am Computersystem (Hardware und Software) des Nutzers oder an den darin gespeicherten Dateien oder Dokumenten, die durch das Vorhandensein eines Virus auf dem Computer des Nutzers, der f\u00fcr die Verbindung zu den Diensten und Inhalten der Website verwendet wird, durch die Fehlfunktion des Browsers oder die Verwendung nicht aktualisierter Versionen desselben verursacht werden.<\/p>\n\n<p><strong>Die Schlagzeile<\/strong>  haftet nicht f\u00fcr eventuelle Sch\u00e4den, die sich aus St\u00f6rungen, Auslassungen, Unterbrechungen, Computerviren, Telefonausf\u00e4llen oder Unterbrechungen des Betriebs der elektronischen oder computergest\u00fctzten Systeme ergeben k\u00f6nnen, die auf Gr\u00fcnde zur\u00fcckzuf\u00fchren sind, die sich der Kontrolle des Unternehmens entziehen, sowie f\u00fcr Verz\u00f6gerungen oder Blockaden bei der Nutzung der genannten Systeme, die durch M\u00e4ngel oder \u00dcberlastungen der Telefonleitungen, \u00dcberlastungen des Internets oder anderer elektronischer Systeme verursacht werden.<\/p>\n\n<p>Allerdings unter Einhaltung der Bestimmungen des LSSI,  <strong>die Schlagzeile<\/strong>  wird allen Nutzern, Beh\u00f6rden und Sicherheitskr\u00e4ften zur Verf\u00fcgung gestellt und arbeitet aktiv an der Entfernung oder Sperrung aller Inhalte mit, die nationale oder internationale Gesetze, die Rechte Dritter oder die Moral und die \u00f6ffentliche Ordnung beeintr\u00e4chtigen oder dagegen versto\u00dfen k\u00f6nnten. Sollte der Nutzer der Ansicht sein, dass es auf der Website Inhalte gibt, die f\u00fcr diese Einstufung in Frage kommen k\u00f6nnten, wenden Sie sich bitte an den <strong>Eigent\u00fcmer<\/strong>.<\/p>\n\n<p><strong>Newsletter<\/strong><\/p>\n\n<p>Der <strong>Nutzer<\/strong> kann den Newsletter dieser Website abonnieren, indem er auf den Link am Ende jeder Seite klickt. Dieser Dienst wird von Sendinblue angeboten und es gelten dessen Gesch\u00e4ftsbedingungen, die unter <a href=\"https:\/\/sendinblue.com\">https:\/\/sendinblue.com<\/a> eingesehen werden k\u00f6nnen <a href=\"https:\/\/sendinblue.com\">.<\/a><\/p>\n\n<p>Wenn Sie sich anmelden, werden Sie regelm\u00e4\u00dfig Newsletter erhalten. Wenn Sie Ihre Meinung \u00e4ndern, k\u00f6nnen Sie sich in der E-Mail, die Sie erhalten, oder per E-Mail an dogaldigital@gmail.com von der Liste abmelden.<\/p>\n\n<p>Sie erkl\u00e4ren sich damit einverstanden, dass Sie die E-Mail-Adresse eines Dritten nur dann f\u00fcr das Abonnement des Newsletters verwenden, wenn Sie die ausdr\u00fcckliche Zustimmung dieser Person haben.<\/p>\n\n<p><strong>Hyperlinks (Verkn\u00fcpfungen)<\/strong><\/p>\n\n<p>Die auf unserer Website enthaltenen Links k\u00f6nnen zu Webinhalten Dritter f\u00fchren. Diese Seiten geh\u00f6ren nicht zu  <strong>die Schlagzeile<\/strong>Die Inhalte werden nicht \u00fcberpr\u00fcft, und daher,  <strong>die Schlagzeile<\/strong>  \u00fcbernimmt keine Verantwortung f\u00fcr den Inhalt, die Informationen oder die Dienstleistungen, die auf diesen Websites erscheinen k\u00f6nnen, die nur zu Informationszwecken dienen und in keinem Fall eine Beziehung zwischen  <strong>die Schlagzeile<\/strong>  und die Personen oder Einrichtungen, die Eigent\u00fcmer dieser Inhalte sind, oder die Eigent\u00fcmer der Websites, auf denen sie sich befinden.  <strong>Der Eigent\u00fcmer<\/strong> kann auch nicht f\u00fcr den Betrieb der verlinkten Seite oder f\u00fcr Sch\u00e4den, die aus dem Zugriff oder der Nutzung dieser Seite entstehen, haftbar gemacht werden.<\/p>\n\n<p>Links zur Website <strong>des Eigent\u00fcmers<\/strong> m\u00fcssen die folgenden Bedingungen erf\u00fcllen:<\/p>\n\n<ol class=\"wp-block-list\" type=\"1\">\n<li>Die Einrichtung eines Links impliziert keine Vereinbarung, keinen Vertrag, kein Sponsoring und keine Empfehlung durch den Eigent\u00fcmer der Seite, die den Link setzt.<\/li>\n\n\n\n<li>Die Website, auf der der Hyperlink eingerichtet wird, darf keine Informationen mit rechtswidrigem, diskriminierendem, gegen die allgemein anerkannten ethischen Grunds\u00e4tze oder die \u00f6ffentliche Ordnung versto\u00dfendem Inhalt enthalten, noch darf sie Inhalte enthalten, die die Rechte Dritter verletzen.<\/li>\n\n\n\n<li><strong>Der Eigent\u00fcmer<\/strong> kann ohne Angabe von Gr\u00fcnden die Entfernung eines Links zu seiner Website verlangen. In einem solchen Fall muss die Seite, die den Link gesetzt hat, diesen unverz\u00fcglich entfernen, sobald sie vom <strong>Eigent\u00fcmer<\/strong> benachrichtigt wird.<\/li>\n\n\n\n<li>Es ist in keiner Weise verantwortlich noch garantiert es die Qualit\u00e4t, Genauigkeit, Zuverl\u00e4ssigkeit, Korrektheit oder Moral der Inhalte oder Dienstleistungen, die die Einrichtung des Hyperlinks anbieten kann. Der Nutzer \u00fcbernimmt die alleinige Verantwortung f\u00fcr alle Folgen, Sch\u00e4den oder Handlungen, die sich aus dem Zugriff auf die verlinkte Website ergeben k\u00f6nnen.<\/li>\n\n\n\n<li>Die Webseite, auf der der Hyperlink eingerichtet wird, darf keine Marken, Bezeichnungen, Logos, Slogans oder andere unterscheidungskr\u00e4ftige Zeichen des <strong>Eigent\u00fcmers<\/strong> enthalten, mit Ausnahme der Zeichen, die Bestandteil des Hyperlinks selbst sind.<\/li>\n<\/ol>\n\n<p><strong>Schutz von personenbezogenen Daten<\/strong><\/p>\n\n<p>Hier gelangen Sie zu unserer <a href=\"https:\/\/putter-hack.com\/de\/datenschutzbestimmungen\/\">Datenschutzrichtlinie f\u00fcr personenbezogene Daten<\/a>.<\/p>\n\n<p><strong>Cookie-Richtlinie<\/strong><\/p>\n\n<p>Zugang zu unserer <a href=\"https:\/\/putter-hack.com\/de\/cookies-politik\/\">Cookie-Richtlinie<\/a>.<\/p>\n\n<p>Im Falle von Streitigkeiten oder Auslegungskonflikten in Bezug auf die Bestimmungen dieses rechtlichen Hinweises sowie in Bezug auf alle Fragen im Zusammenhang mit den Dienstleistungen dieser Website ist das spanische Recht anwendbar.<\/p>\n\n<p><strong>Anwendbares Recht und Gerichtsbarkeit<\/strong><\/p>\n\n<p>Jede Kontroverse oder Streitigkeit, die sich aus diesen allgemeinen Bedingungen ergibt, wird endg\u00fcltig durch ein Schiedsverfahren von einem oder mehreren Schiedsrichtern im Rahmen des Spanischen Schiedsgerichtshofs in \u00dcbereinstimmung mit seinen Regeln und Statuten entschieden, der mit der Verwaltung des Schiedsverfahrens und der Ernennung des Schiedsrichters oder des Schiedsgerichts betraut ist. Die Parteien verpflichten sich, den Schiedsspruch zu befolgen.<\/p>\n\n<p>F\u00fcr den Fall, dass dieser Weg den Konflikt nicht endg\u00fcltig l\u00f6st, vereinbaren <strong>der Eigent\u00fcmer<\/strong> und der Benutzer, sich den Gerichten und Tribunalen der Stadt A Coru\u00f1a, Spanien, zu unterwerfen, und der Benutzer verzichtet ausdr\u00fccklich auf jedes andere Forum, das ihm zustehen k\u00f6nnte.<\/p>\n","protected":false},"excerpt":{"rendered":"<p>Daten zur Identifizierung des Diensteanbieters In \u00dcbereinstimmung mit dem Gesetz 34\/2002 vom 11. Juli \u00fcber die Dienste der Informationsgesellschaft und den elektronischen Handel (LSSI) informieren wir Sie, dass der Eigent\u00fcmer dieser Website ist: Die Dom\u00e4nen bicihack.es und bicihack.com sind Eigentum des Eigent\u00fcmers. Die Website https:\/\/putter-hack.com soll der \u00d6ffentlichkeit einen Vergleich von Golfschl\u00e4gern und anderer Golfausr\u00fcstung [&hellip;]<\/p>\n","protected":false},"author":1,"featured_media":0,"parent":0,"menu_order":0,"comment_status":"closed","ping_status":"closed","template":"page-legal.php","meta":{"_acf_changed":false,"footnotes":""},"class_list":["post-6338","page","type-page","status-publish","hentry"],"acf":[],"Campo_personalizado":null,"_links":{"self":[{"href":"https:\/\/putter-hack.com\/de\/wp-json\/wp\/v2\/pages\/6338","targetHints":{"allow":["GET"]}}],"collection":[{"href":"https:\/\/putter-hack.com\/de\/wp-json\/wp\/v2\/pages"}],"about":[{"href":"https:\/\/putter-hack.com\/de\/wp-json\/wp\/v2\/types\/page"}],"author":[{"embeddable":true,"href":"https:\/\/putter-hack.com\/de\/wp-json\/wp\/v2\/users\/1"}],"replies":[{"embeddable":true,"href":"https:\/\/putter-hack.com\/de\/wp-json\/wp\/v2\/comments?post=6338"}],"version-history":[{"count":3,"href":"https:\/\/putter-hack.com\/de\/wp-json\/wp\/v2\/pages\/6338\/revisions"}],"predecessor-version":[{"id":6341,"href":"https:\/\/putter-hack.com\/de\/wp-json\/wp\/v2\/pages\/6338\/revisions\/6341"}],"wp:attachment":[{"href":"https:\/\/putter-hack.com\/de\/wp-json\/wp\/v2\/media?parent=6338"}],"curies":[{"name":"wp","href":"https:\/\/api.w.org\/{rel}","templated":true}]}}