{"id":6342,"date":"2022-07-12T20:54:46","date_gmt":"2022-07-12T20:54:46","guid":{"rendered":"https:\/\/putter-hack.com\/cookies-politik\/"},"modified":"2024-02-20T13:15:14","modified_gmt":"2024-02-20T13:15:14","slug":"cookies-politik","status":"publish","type":"page","link":"https:\/\/putter-hack.com\/de\/cookies-politik\/","title":{"rendered":"Cookies-Politik"},"content":{"rendered":"\n<p><strong>Einf\u00fchrung<\/strong><\/p>\n\n<p>In dieser Cookie-Richtlinie wird erl\u00e4utert, welche Cookies auf den Ger\u00e4ten der Nutzer der Website <a href=\"https:\/\/putter-hack.com\/de\/\">https:\/\/putter-hack.com<\/a> installiert werden <a href=\"https:\/\/putter-hack.com\/de\/\">,<\/a> wie und warum diese Cookies verwendet werden und wie die verschiedenen Browser so konfiguriert werden k\u00f6nnen, dass ihre Verwendung blockiert wird.<\/p>\n\n<p><strong>Was sind <em>Cookies<\/em>?<\/strong><\/p>\n\n<p>Ein <em>Cookie<\/em> ist eine kleine Textdatei, die eine Website auf dem Ger\u00e4t speichert, das der Nutzer zum Surfen verwendet (Computer, Tablet, Smartphone o. \u00c4.), und die Informationen dar\u00fcber enth\u00e4lt, wie die Website genutzt wird, oder ein Tag, das das verwendete Ger\u00e4t identifiziert.<\/p>\n\n<p><em>Cookies<\/em> sind notwendig, um das Surfen zu erleichtern und um zu verstehen, wie die Nutzer mit den Websites interagieren, damit diese verbessert werden k\u00f6nnen. Sie sind auch n\u00fctzlich, um Werbung auf der Grundlage von Nutzerpr\u00e4ferenzen zu liefern, sowie f\u00fcr andere Zwecke, die weiter unten beschrieben werden. <em>Cookies<\/em> richten auf dem Ger\u00e4t des Nutzers keinen Schaden an.<\/p>\n\n<p>Der Begriff &#8220; <em>Cookies&#8220;<\/em> wird auch umfassend f\u00fcr andere \u00e4hnliche Technologien verwendet, mit denen Informationen auf oder \u00fcber das Ger\u00e4t des Nutzers installiert und\/oder gesammelt werden (z. B. <em>Flash-Cookies<\/em>, <em>Web-Beacons<\/em>, <em>Pixel<\/em>, HTML5-Lokalspeicher). Dies gilt auch f\u00fcr die Verwendung von <em>Fingerabdrucktechniken<\/em>, mit deren Hilfe das Ger\u00e4t, von dem aus der Nutzer surft, identifiziert werden kann. Diese Technologien arbeiten manchmal in Verbindung mit Cookies, um Informationen zu sammeln und zu speichern, entweder um bestimmte Funktionen oder Dienste auf der Website bereitzustellen.<\/p>\n\n<p>Diese Erkl\u00e4rung ist ein allgemeiner \u00dcberblick dar\u00fcber, was mit <em>Cookies<\/em> gemeint ist, und dient nur zu Informationszwecken. Die auf dieser Website verwendeten <em>Cookies<\/em> werden in den folgenden Abschnitten n\u00e4her erl\u00e4utert. Weitere Informationen \u00fcber <em>Cookies<\/em> finden Sie unter allaboutcookies.org.<\/p>\n\n<p><strong>Welche Arten von <em>Cookies<\/em> gibt es?<\/strong><\/p>\n\n<p>Dieser Abschnitt gibt einen \u00dcberblick \u00fcber die Arten von <em>Cookies<\/em>, die auf einer Website verwendet werden k\u00f6nnen.<\/p>\n\n<p>Je nach Eigent\u00fcmer k\u00f6nnen <em>Cookies<\/em> wie folgt klassifiziert werden:<\/p>\n\n<ol class=\"wp-block-list\" type=\"a\">\n<li><strong>Eigene<\/strong>: solche, die von einem Computer, der vom Eigent\u00fcmer der von ihm genutzten Website verwaltet wird und von dem aus der vom Nutzer angeforderte Dienst angeboten wird, an das Ger\u00e4t des Nutzers gesendet werden.<\/li>\n\n\n\n<li><strong>Dritte<\/strong>: Diese werden von Ger\u00e4ten an das Ger\u00e4t des Nutzers gesendet, die nicht vom Eigent\u00fcmer der besuchten Website verwaltet werden, sondern von einer anderen Einrichtung, die die in den <em>Cookies<\/em> erhaltenen und gespeicherten Daten verarbeitet.<\/li>\n<\/ol>\n\n<p>Je nach ihrem Zweck k\u00f6nnen <em>Cookies<\/em> wie folgt klassifiziert werden:<\/p>\n\n<ol class=\"wp-block-list\" type=\"a\">\n<li><strong>Streng notwendige (technische)<\/strong> Daten: Sie erm\u00f6glichen dem Nutzer das Surfen und die Nutzung der von der besuchten Website angebotenen Dienste und k\u00f6nnen beispielsweise zur Speicherung von Sitzungsdaten (verwendete Tracks, bestandene Tests usw.) verwendet werden. Sie werden immer heruntergeladen.<\/li>\n\n\n\n<li><strong>Funktionalit\u00e4t oder Personalisierung<\/strong>: Sie erm\u00f6glichen es, Informationen zu speichern, damit der Nutzer mit bestimmten Merkmalen auf den Dienst zugreifen kann, die ihn von anderen Nutzern unterscheiden, wie z. B. die Sprache, die Art des verwendeten Browsers usw.<\/li>\n\n\n\n<li><strong>Analyse<\/strong>Die von den Nutzern der Website verwendeten Daten: erm\u00f6glichen es uns, die Anzahl der Nutzer, die besuchten Seiten und die Interaktion mit ihnen zu quantifizieren, um die Messung und statistische Analyse der Nutzung durch die Nutzer durchzuf\u00fchren, mit dem Ziel, Verbesserungen auf der Grundlage der Analyse der Daten \u00fcber die Nutzung der Website durch die Nutzer einzuf\u00fchren.<\/li>\n\n\n\n<li><strong>Werbung<\/strong>: Diese erm\u00f6glichen die Verwaltung von Werbefl\u00e4chen auf der Website.<\/li>\n\n\n\n<li><strong>Verhaltensbasierte Werbung<\/strong>: Sie speichern Informationen \u00fcber das Verhalten der Nutzer, die durch die kontinuierliche Beobachtung ihrer Surfgewohnheiten gewonnen werden, wodurch ein spezifisches Profil erstellt werden kann, um darauf basierend Werbung anzuzeigen. Diese Cookies erm\u00f6glichen eine m\u00f6glichst effiziente Verwaltung der Werbefl\u00e4chen, die der Eigent\u00fcmer der Website gegebenenfalls direkt oder in Zusammenarbeit mit Dritten eingerichtet hat.<\/li>\n\n\n\n<li><strong>Externe soziale Medien<\/strong>: Diese werden verwendet, um den Besuchern einer Website die M\u00f6glichkeit zu geben, mit Inhalten von verschiedenen Plattformen zu interagieren (<em>facebook<\/em>, <em>youtube<\/em>, <em>twitter<\/em>, <em>linkedin<\/em>, <em>instagram<\/em>, etc.) und werden nur f\u00fcr die Nutzer dieser Plattformen erzeugt. Die Bedingungen f\u00fcr die Verwendung dieser Cookies und die Informationen, die sie speichern, sind in den Datenschutzbestimmungen der entsprechenden Plattform geregelt.<\/li>\n<\/ol>\n\n<p>Je nachdem, wie lange sie auf dem Ger\u00e4t des Kunden gespeichert bleiben, k\u00f6nnen Cookies auch eine Gefahr darstellen:<\/p>\n\n<ol class=\"wp-block-list\" type=\"a\">\n<li><strong>Session<\/strong>: Sie speichern Daten, w\u00e4hrend der Nutzer die Website nutzt. Sie werden h\u00e4ufig verwendet, um Informationen zu speichern, die nur f\u00fcr die Bereitstellung des angeforderten Dienstes bei einer einzigen Gelegenheit relevant sind (z. B. verwendete Hinweise und bestandene Tests im Verlauf eines Spiels).<\/li>\n\n\n\n<li><strong>Persistent<\/strong>: Sie speichern Daten auf dem Ger\u00e4t des Nutzers f\u00fcr einen mehr oder weniger langen Zeitraum (von einigen Minuten bis zu mehreren Jahren), damit sie von der f\u00fcr das Cookie verantwortlichen Partei verarbeitet werden k\u00f6nnen.<\/li>\n<\/ol>\n\n<p><strong>Wie verwaltet man <em>Cookies<\/em>?<\/strong><\/p>\n\n<p>Der Nutzer hat die M\u00f6glichkeit, die auf seinem Computer installierten Cookies zu blockieren, zu l\u00f6schen oder ihre L\u00f6schung zuzulassen, indem er die Optionen des von ihm verwendeten Browsers konfiguriert. Durch das Blockieren oder L\u00f6schen von Cookies k\u00f6nnen einige der angebotenen Dienste nicht mehr funktionieren. Die Art und Weise, wie Sie die Verwendung von Cookies konfigurieren, h\u00e4ngt von Ihrem Browser ab. Dies kann normalerweise \u00fcber das Men\u00fc Extras oder Optionen erfolgen. Das Hilfe-Men\u00fc des Browsers kann ebenfalls konsultiert werden.<\/p>\n\n<p>Die folgenden Links erkl\u00e4ren, wie Sie die Verwendung von Cookies in den g\u00e4ngigsten Browsern konfigurieren k\u00f6nnen:<\/p>\n\n<ol class=\"wp-block-list\" type=\"a\">\n<li><strong>Chrome<\/strong>: <a href=\"https:\/\/support.google.com\/chrome\/answer\/95647?hl=\">support.google.com\/chrome\/answer\/95647?hl=&#8220;de&#8220;<\/a><strong><\/strong><\/li>\n\n\n\n<li><strong>Safari:<\/strong> <a href=\"https:\/\/www.apple.com\/legal\/privacy\/es\/cookies\/\">https:\/\/www.apple.com\/legal\/privacy\/es\/cookies\/<\/a><strong><\/strong><\/li>\n\n\n\n<li><strong>Microsoft Edge:<\/strong> <a href=\"https:\/\/support.microsoft.com\/es-es\/topic\/eliminar-y-administrar-cookies-168dab11-0753-043d-7c16-ede5947fc64d\">https:\/\/support.microsoft.com\/es-es\/topic\/eliminar-y-administrar-cookies-168dab11-0753-043d-7c16-ede5947fc64d<\/a><strong><\/strong><\/li>\n\n\n\n<li><strong>Firefox:<\/strong> <a href=\"https:\/\/support.mozilla.org\/es\/kb\/impedir-que-los-sitios-web-guarden-sus-preferencia\">http:\/\/support.mozilla.org\/es\/kb\/impedir-que-los-sitios-web-guarden-sus-preferencia<\/a><strong><\/strong><\/li>\n\n\n\n<li><strong>Oper<\/strong> (auf Englisch): <a href=\"http:\/\/help.opera.com\/Linux\/10.60\/es-ES\/cookies.html\">http:\/\/help.opera.com\/Linux\/10.60\/es-ES\/cookies.html<\/a><strong><\/strong><\/li>\n\n\n\n<li><strong>Internet Explorer:<\/strong> <a href=\"https:\/\/support.microsoft.com\/es-es\/topic\/eliminar-y-administrar-cookies-168dab11-0753-043d-7c16-ede5947fc64d#ie=\">https:\/\/support.microsoft.com\/es-es\/topic\/eliminar-y-administrar-cookies-168dab11-0753-043d-7c16-ede5947fc64d#ie=<\/a><strong><\/strong><\/li>\n<\/ol>\n\n<p>Die Cookie-Einstellungen sind spezifisch f\u00fcr den verwendeten Browser und das verwendete Ger\u00e4t. Wenn der Nutzer Cookies auf einem Ger\u00e4t auf eine bestimmte Weise konfiguriert und m\u00f6chte, dass diese Konfiguration auf einem anderen Ger\u00e4t oder Browser in \u00e4hnlicher Weise angewendet wird, muss der Vorgang wiederholt werden.<\/p>\n\n<p>Was schlie\u00dflich die Cookies von Dritten zum Zwecke der Bereitstellung von interessenbezogener Werbung betrifft, so k\u00f6nnen bestimmte Dritte Mitglieder von Selbstregulierungsprogrammen f\u00fcr verhaltensbezogene Online-Werbung sein, die Opt-out-Optionen anbieten:<\/p>\n\n<ul class=\"wp-block-list\">\n<li>Google Analytics &#8211; https:\/\/tools.google.com\/dlpage\/gaoptout<\/li>\n<\/ul>\n\n<p><strong>Auf https:\/\/putter-hack.com verwendete Cookies<\/strong><\/p>\n\n<p>In der nachstehenden Tabelle sind die auf dieser Website verwendeten Cookies aufgef\u00fchrt:<\/p>\n\n<p><strong>Akzeptanz der Cookies-Politik<\/strong><\/p>\n\n<p>Die Website <a href=\"https:\/\/putter-hack.com\/de\/\">https:\/\/putter-hack.com<\/a> geht davon aus, dass der Nutzer mit der Verwendung von Cookies einverstanden ist. Wenn Sie jedoch zum ersten Mal auf eine Seite der Website zugreifen, wird ein Cookie-Hinweis angezeigt, der Ihnen die M\u00f6glichkeit gibt, (alle) Cookies zu akzeptieren oder abzulehnen, und es wird ein Link zu dieser Cookie-Richtlinie angezeigt.<\/p>\n\n<p>Derzeit ist es technisch nicht m\u00f6glich, dem Nutzer die Wahl zu lassen, welche Cookies er speichern m\u00f6chte (technische, analytische oder Werbe-Cookies), so dass Sie alle Cookies akzeptieren oder ablehnen m\u00fcssen.<\/p>\n\n<p>Wenn die Cookies akzeptiert werden, wird die Warnung auf dem verwendeten Ger\u00e4t und Browser f\u00fcr einen Zeitraum von 1 Monat nicht mehr angezeigt (Zeitraum, der f\u00fcr die G\u00fcltigkeit des Akzeptanz-Cookies festgelegt wurde).<\/p>\n\n<p>Schlie\u00dfen: Die Cookie-Warnung wird ausgeblendet.<\/p>\n\n<p>Wenn Sie Ihren Browser so einstellen, dass er die Verwendung von Cookies blockiert, wird die Cookie-Warnung weiterhin auf jeder Seite angezeigt, w\u00e4hrend Sie auf der Website surfen, und Sie k\u00f6nnen keines der angebotenen Spiele spielen.<\/p>\n","protected":false},"excerpt":{"rendered":"<p>Einf\u00fchrung In dieser Cookie-Richtlinie wird erl\u00e4utert, welche Cookies auf den Ger\u00e4ten der Nutzer der Website https:\/\/putter-hack.com installiert werden , wie und warum diese Cookies verwendet werden und wie die verschiedenen Browser so konfiguriert werden k\u00f6nnen, dass ihre Verwendung blockiert wird. Was sind Cookies? Ein Cookie ist eine kleine Textdatei, die eine Website auf dem Ger\u00e4t [&hellip;]<\/p>\n","protected":false},"author":1,"featured_media":0,"parent":0,"menu_order":0,"comment_status":"closed","ping_status":"closed","template":"page-legal.php","meta":{"_acf_changed":false,"footnotes":""},"class_list":["post-6342","page","type-page","status-publish","hentry"],"acf":[],"Campo_personalizado":null,"_links":{"self":[{"href":"https:\/\/putter-hack.com\/de\/wp-json\/wp\/v2\/pages\/6342","targetHints":{"allow":["GET"]}}],"collection":[{"href":"https:\/\/putter-hack.com\/de\/wp-json\/wp\/v2\/pages"}],"about":[{"href":"https:\/\/putter-hack.com\/de\/wp-json\/wp\/v2\/types\/page"}],"author":[{"embeddable":true,"href":"https:\/\/putter-hack.com\/de\/wp-json\/wp\/v2\/users\/1"}],"replies":[{"embeddable":true,"href":"https:\/\/putter-hack.com\/de\/wp-json\/wp\/v2\/comments?post=6342"}],"version-history":[{"count":3,"href":"https:\/\/putter-hack.com\/de\/wp-json\/wp\/v2\/pages\/6342\/revisions"}],"predecessor-version":[{"id":6345,"href":"https:\/\/putter-hack.com\/de\/wp-json\/wp\/v2\/pages\/6342\/revisions\/6345"}],"wp:attachment":[{"href":"https:\/\/putter-hack.com\/de\/wp-json\/wp\/v2\/media?parent=6342"}],"curies":[{"name":"wp","href":"https:\/\/api.w.org\/{rel}","templated":true}]}}